{"id":2,"date":"2024-02-27T23:46:20","date_gmt":"2024-02-27T23:46:20","guid":{"rendered":"https:\/\/parroquiasanjoselapoza.org\/parroquia\/?page_id=2"},"modified":"2026-03-26T00:12:04","modified_gmt":"2026-03-26T00:12:04","slug":"inicio","status":"publish","type":"page","link":"https:\/\/parroquiasanjoselapoza.org\/parroquia\/","title":{"rendered":"Bienvenid@"},"content":{"rendered":"\n<p><mark style=\"background-color:rgba(0, 0, 0, 0)\" class=\"has-inline-color has-dark-muted-color\"><kbd>Bienvenid@s<\/kbd><\/mark> a la P\u00e1gina Oficial de la Parroquial de San Jos\u00e9, La Poza, en Acapulco Guerrero. Aqu\u00ed encontraras informaci\u00f3n interesante de las actividades religiosas que se realizan en esta comunidad Parroquial.<\/p>\n\n\n\n<p><\/p>\n\n\n\n<h2 class=\"wp-block-heading\">Ahora podras hacer Donaciones En Linea entrando Aqui: <\/h2>\n\n\n\n<div class=\"wp-block-buttons alignwide is-content-justification-center is-layout-flex wp-container-core-buttons-is-layout-16018d1d wp-block-buttons-is-layout-flex\">\n<div class=\"wp-block-button\"><a class=\"wp-block-button__link wp-element-button\" href=\"https:\/\/parroquiasanjoselapoza.org\/donar\/\">DONAR<\/a><\/div>\n<\/div>\n\n\n\n<br><vaticannews-widget lang=\"es\" fontSize=\"14\"><\/vaticannews-widget>\n<script src=\"https:\/\/www.vaticannews.va\/widget.js\"><\/script>\n\n\n\n<hr class=\"wp-block-separator has-alpha-channel-opacity\"\/>\n\n\n<div class=\"ayg ayg-error\"><div class=\"ayg-livestream-fallback-message\">Sorry, but the channel is not currently streaming live content. Please check back later.<\/div><\/div>\n","protected":false},"excerpt":{"rendered":"<p>Bienvenid@s a la P\u00e1gina Oficial de la Parroquial de San Jos\u00e9, La Poza, en<span class=\"more-dots\">&#8230;<\/span><\/p>\n","protected":false},"author":2,"featured_media":0,"parent":0,"menu_order":0,"comment_status":"closed","ping_status":"closed","template":"","meta":{"footnotes":""},"class_list":["post-2","page","type-page","status-publish","hentry","no-post-thumbnail"],"jetpack_sharing_enabled":true,"_links":{"self":[{"href":"https:\/\/parroquiasanjoselapoza.org\/parroquia\/index.php\/wp-json\/wp\/v2\/pages\/2","targetHints":{"allow":["GET"]}}],"collection":[{"href":"https:\/\/parroquiasanjoselapoza.org\/parroquia\/index.php\/wp-json\/wp\/v2\/pages"}],"about":[{"href":"https:\/\/parroquiasanjoselapoza.org\/parroquia\/index.php\/wp-json\/wp\/v2\/types\/page"}],"author":[{"embeddable":true,"href":"https:\/\/parroquiasanjoselapoza.org\/parroquia\/index.php\/wp-json\/wp\/v2\/users\/2"}],"replies":[{"embeddable":true,"href":"https:\/\/parroquiasanjoselapoza.org\/parroquia\/index.php\/wp-json\/wp\/v2\/comments?post=2"}],"version-history":[{"count":11,"href":"https:\/\/parroquiasanjoselapoza.org\/parroquia\/index.php\/wp-json\/wp\/v2\/pages\/2\/revisions"}],"predecessor-version":[{"id":219,"href":"https:\/\/parroquiasanjoselapoza.org\/parroquia\/index.php\/wp-json\/wp\/v2\/pages\/2\/revisions\/219"}],"wp:attachment":[{"href":"https:\/\/parroquiasanjoselapoza.org\/parroquia\/index.php\/wp-json\/wp\/v2\/media?parent=2"}],"curies":[{"name":"wp","href":"https:\/\/api.w.org\/{rel}","templated":true}]}}